{"id":606,"date":"2022-11-02T11:03:25","date_gmt":"2022-11-02T15:03:25","guid":{"rendered":"https:\/\/franklinlawfirm.ca\/?page_id=606"},"modified":"2022-12-14T09:53:18","modified_gmt":"2022-12-14T09:53:18","slug":"personal-injury-lawyer-north-york","status":"publish","type":"page","link":"https:\/\/franklinlawfirm.ca\/es\/personal-injury-lawyer-north-york\/","title":{"rendered":"Personal Injury Lawyer | North York"},"content":{"rendered":"<h1>Abogada de lesiones personales | North York<\/h1>\n<p><em>El abogado l\u00edder en lesiones personales de North York est\u00e1 comprometido a proteger sus derechos y asegurar la compensaci\u00f3n <strong>que merece<\/strong>.<\/em><\/p>\n<p>Si usted o alguien que conoce ha resultado herido o lesionado en un accidente, <strong>es hora de actuar.<\/strong> Ya sea que su lesi\u00f3n sea el resultado de un da\u00f1o intencional o accidental, el bufete de abogados Franklin puede ayudarlo a obtener <strong>la justicia financiera que se merece<\/strong>.<\/p>\n<p>Cuando elige Franklin Law Firm, tiene la ventaja de trabajar con el equipo altamente especializado de expertos en lesiones personales de North York; tenemos m\u00e1s de 25 a\u00f1os de experiencia como firma, y cada uno de nuestros asistentes legales tiene m\u00e1s de 20 a\u00f1os de experiencia. Esta profundidad de experiencia nos permite apoyar a nuestros clientes con un nivel de experiencia incomparable. Con capacidades ling\u00fc\u00edsticas en ingl\u00e9s, tamil y espa\u00f1ol, estamos orgullosos de servir a una amplia gama de clientes en North York y m\u00e1s all\u00e1.<\/p>\n<h2>Apoyo de confianza para lesiones personales en North York<\/h2>\n<p><strong>Nuestro equipo est\u00e1 aqu\u00ed para usted<\/strong><\/p>\n<p>Despu\u00e9s de una lesi\u00f3n o un accidente, es muy com\u00fan sufrir traumas f\u00edsicos, emocionales y psicol\u00f3gicos; esto a menudo se ve agravado por la tensi\u00f3n financiera resultante del proceso de recuperaci\u00f3n. Nuestro equipo en Franklin Law Firm est\u00e1 aqu\u00ed para ayudarlo a educarlo sobre sus derechos y responsabilidades como ciudadano canadiense en lo que respecta a la ley de lesiones personales; esto implica c\u00f3mo presentar un reclamo y buscar una compensaci\u00f3n adecuada por su lesi\u00f3n.<\/p>\n<p><strong>Qu\u00e9 esperar al presentar un reclamo por lesiones personales<\/strong><\/p>\n<p>Es importante tomar medidas r\u00e1pidas e inmediatas en los d\u00edas inmediatamente posteriores a un accidente, ya que los detalles a\u00fan est\u00e1n en la vanguardia de su mente, y proporcionar estos detalles con precisi\u00f3n es vital para fortalecer su caso y ayudarlo a recibir la compensaci\u00f3n necesaria. Nuestro equipo de Ley de Lesiones Personales de North York comprende el estr\u00e9s emocional que resulta de una lesi\u00f3n, y es por eso que abordamos cada caso con compasi\u00f3n, sensibilidad y la m\u00e1xima profesionalidad, ofreciendo nuestro apoyo mientras lo ayudamos a navegar el proceso de presentar un reclamo por lesiones.<\/p>\n<p>Una vez que haya tenido su consulta inicial y hayamos recopilado los detalles de su accidente, nuestro equipo comenzar\u00e1 a avanzar con su reclamo. Nuestros abogados de lesiones personales de North York han demostrado su \u00e9xito en el apoyo a las v\u00edctimas de accidentes automovil\u00edsticos, accidentes por resbalones y ca\u00eddas, lesiones relacionadas con el trabajo, reclamos por discapacidad a largo plazo, negligencia m\u00e9dica, casos de dolor cr\u00f3nico y muchas otras \u00e1reas. Para quitarle tanto estr\u00e9s como sea posible, lo ayudaremos a construir su caso, presentar la declaraci\u00f3n de demanda, representarlo en la corte y asegurarnos de que obtenga lo que se merece. <strong>La mejor parte es que no hay honorarios legales por adelantado; solo pagas cuando ganas. <\/strong>Adem\u00e1s, hacemos todo lo que est\u00e1 a nuestro alcance para llegar a un acuerdo extrajudicial sin ir a juicio o arbitraje. Sin embargo, en caso de que esto no sea posible, consu\u00e9lese con el hecho de que nuestros abogados de lesiones personales de North York han ganado la mayor\u00eda de nuestros casos que van a una audiencia y han tenido \u00e9xito en todos los niveles judiciales en Ontario.<\/p>\n<p>Nuestros objetivos son no solo garantizar que se respeten sus derechos y que reciba la compensaci\u00f3n adecuada, sino que tambi\u00e9n invertimos el tiempo para garantizar que tenga acceso a otros beneficios que pueden hacer que su proceso de recuperaci\u00f3n sea m\u00e1s fluido. Este enfoque personalizado y hol\u00edstico ayuda a aliviar la carga de un accidente o lesi\u00f3n sobre las familias y los seres queridos de los clientes que representamos.<\/p>\n<p><strong>\u00bfEst\u00e1s herido? \u00a1P\u00f3ngase en contacto con nosotros hoy!<\/strong><\/p>\n<p>Ya sea que haya estado involucrado en un accidente automovil\u00edstico o un accidente por resbal\u00f3n y ca\u00edda en su lugar de trabajo, es importante que trabaje con el equipo legal adecuado lo antes posible; El equipo de abogados de lesiones personales de Franklin Law Firm en North York est\u00e1 listo para apoyarlo en <strong>cada paso del camino.<\/strong><\/p>\n<p>Cont\u00e1ctenos hoy para programar su consulta inicial y dar el primer paso hacia la remuneraci\u00f3n y la tranquilidad que se merece.<\/p>\n","protected":false},"excerpt":{"rendered":"<p>Abogada de lesiones personales | North York El abogado l\u00edder en lesiones personales de North York est\u00e1 comprometido a proteger sus derechos y asegurar la compensaci\u00f3n que merece. Si usted o alguien que conoce ha resultado herido o lesionado en un accidente, es hora de actuar. Ya sea que su&#8230;<\/p>\n","protected":false},"author":1,"featured_media":0,"parent":0,"menu_order":0,"comment_status":"closed","ping_status":"closed","template":"templates\/services-pages.php","meta":{"_acf_changed":false,"footnotes":""},"class_list":["post-606","page","type-page","status-publish","hentry"],"acf":[],"yoast_head":"<!-- This site is optimized with the Yoast SEO plugin v27.5 - https:\/\/yoast.com\/product\/yoast-seo-wordpress\/ -->\n<title>Accident &amp; Personal Injury Lawyer North York | Franklin Law Firm<\/title>\n<meta name=\"description\" content=\"As the leading team of Personal Injury Lawyers in North York, Franklin Law Firm is committed to securing the compensation you deserve. Call for a free consultation today.\" \/>\n<meta name=\"robots\" content=\"index, follow, max-snippet:-1, max-image-preview:large, max-video-preview:-1\" \/>\n<link rel=\"canonical\" href=\"https:\/\/franklinlawfirm.ca\/es\/personal-injury-lawyer-north-york\/\" \/>\n<meta property=\"og:locale\" content=\"es_ES\" \/>\n<meta property=\"og:type\" content=\"article\" \/>\n<meta property=\"og:title\" content=\"Accident &amp; Personal Injury Lawyer North York | Franklin Law Firm\" \/>\n<meta property=\"og:description\" content=\"As the leading team of Personal Injury Lawyers in North York, Franklin Law Firm is committed to securing the compensation you deserve. Call for a free consultation today.\" \/>\n<meta property=\"og:url\" content=\"https:\/\/franklinlawfirm.ca\/es\/personal-injury-lawyer-north-york\/\" \/>\n<meta property=\"og:site_name\" content=\"Franklin Law Firm\" \/>\n<meta property=\"article:modified_time\" content=\"2022-12-14T09:53:18+00:00\" \/>\n<meta name=\"twitter:card\" content=\"summary_large_image\" \/>\n<meta name=\"twitter:label1\" content=\"Tiempo de lectura\" \/>\n\t<meta name=\"twitter:data1\" content=\"4 minutos\" \/>\n<script type=\"application\/ld+json\" class=\"yoast-schema-graph\">{\"@context\":\"https:\\\/\\\/schema.org\",\"@graph\":[{\"@type\":\"WebPage\",\"@id\":\"https:\\\/\\\/franklinlawfirm.ca\\\/es\\\/personal-injury-lawyer-north-york\\\/\",\"url\":\"https:\\\/\\\/franklinlawfirm.ca\\\/es\\\/personal-injury-lawyer-north-york\\\/\",\"name\":\"Accident & Personal Injury Lawyer North York | Franklin Law Firm\",\"isPartOf\":{\"@id\":\"https:\\\/\\\/franklinlawfirm.ca\\\/#website\"},\"datePublished\":\"2022-11-02T15:03:25+00:00\",\"dateModified\":\"2022-12-14T09:53:18+00:00\",\"description\":\"As the leading team of Personal Injury Lawyers in North York, Franklin Law Firm is committed to securing the compensation you deserve. Call for a free consultation today.\",\"breadcrumb\":{\"@id\":\"https:\\\/\\\/franklinlawfirm.ca\\\/es\\\/personal-injury-lawyer-north-york\\\/#breadcrumb\"},\"inLanguage\":\"es\",\"potentialAction\":[{\"@type\":\"ReadAction\",\"target\":[\"https:\\\/\\\/franklinlawfirm.ca\\\/es\\\/personal-injury-lawyer-north-york\\\/\"]}]},{\"@type\":\"BreadcrumbList\",\"@id\":\"https:\\\/\\\/franklinlawfirm.ca\\\/es\\\/personal-injury-lawyer-north-york\\\/#breadcrumb\",\"itemListElement\":[{\"@type\":\"ListItem\",\"position\":1,\"name\":\"Home\",\"item\":\"https:\\\/\\\/franklinlawfirm.ca\\\/es\\\/\"},{\"@type\":\"ListItem\",\"position\":2,\"name\":\"Personal Injury Lawyer | North York\"}]},{\"@type\":\"WebSite\",\"@id\":\"https:\\\/\\\/franklinlawfirm.ca\\\/#website\",\"url\":\"https:\\\/\\\/franklinlawfirm.ca\\\/\",\"name\":\"Franklin Law Firm\",\"description\":\"\",\"potentialAction\":[{\"@type\":\"SearchAction\",\"target\":{\"@type\":\"EntryPoint\",\"urlTemplate\":\"https:\\\/\\\/franklinlawfirm.ca\\\/?s={search_term_string}\"},\"query-input\":{\"@type\":\"PropertyValueSpecification\",\"valueRequired\":true,\"valueName\":\"search_term_string\"}}],\"inLanguage\":\"es\"}]}<\/script>\n<!-- \/ Yoast SEO plugin. -->","yoast_head_json":{"title":"Accident & Personal Injury Lawyer North York | Franklin Law Firm","description":"As the leading team of Personal Injury Lawyers in North York, Franklin Law Firm is committed to securing the compensation you deserve. Call for a free consultation today.","robots":{"index":"index","follow":"follow","max-snippet":"max-snippet:-1","max-image-preview":"max-image-preview:large","max-video-preview":"max-video-preview:-1"},"canonical":"https:\/\/franklinlawfirm.ca\/es\/personal-injury-lawyer-north-york\/","og_locale":"es_ES","og_type":"article","og_title":"Accident & Personal Injury Lawyer North York | Franklin Law Firm","og_description":"As the leading team of Personal Injury Lawyers in North York, Franklin Law Firm is committed to securing the compensation you deserve. Call for a free consultation today.","og_url":"https:\/\/franklinlawfirm.ca\/es\/personal-injury-lawyer-north-york\/","og_site_name":"Franklin Law Firm","article_modified_time":"2022-12-14T09:53:18+00:00","twitter_card":"summary_large_image","twitter_misc":{"Tiempo de lectura":"4 minutos"},"schema":{"@context":"https:\/\/schema.org","@graph":[{"@type":"WebPage","@id":"https:\/\/franklinlawfirm.ca\/es\/personal-injury-lawyer-north-york\/","url":"https:\/\/franklinlawfirm.ca\/es\/personal-injury-lawyer-north-york\/","name":"Accident & Personal Injury Lawyer North York | Franklin Law Firm","isPartOf":{"@id":"https:\/\/franklinlawfirm.ca\/#website"},"datePublished":"2022-11-02T15:03:25+00:00","dateModified":"2022-12-14T09:53:18+00:00","description":"As the leading team of Personal Injury Lawyers in North York, Franklin Law Firm is committed to securing the compensation you deserve. Call for a free consultation today.","breadcrumb":{"@id":"https:\/\/franklinlawfirm.ca\/es\/personal-injury-lawyer-north-york\/#breadcrumb"},"inLanguage":"es","potentialAction":[{"@type":"ReadAction","target":["https:\/\/franklinlawfirm.ca\/es\/personal-injury-lawyer-north-york\/"]}]},{"@type":"BreadcrumbList","@id":"https:\/\/franklinlawfirm.ca\/es\/personal-injury-lawyer-north-york\/#breadcrumb","itemListElement":[{"@type":"ListItem","position":1,"name":"Home","item":"https:\/\/franklinlawfirm.ca\/es\/"},{"@type":"ListItem","position":2,"name":"Personal Injury Lawyer | North York"}]},{"@type":"WebSite","@id":"https:\/\/franklinlawfirm.ca\/#website","url":"https:\/\/franklinlawfirm.ca\/","name":"Franklin Law Firm","description":"","potentialAction":[{"@type":"SearchAction","target":{"@type":"EntryPoint","urlTemplate":"https:\/\/franklinlawfirm.ca\/?s={search_term_string}"},"query-input":{"@type":"PropertyValueSpecification","valueRequired":true,"valueName":"search_term_string"}}],"inLanguage":"es"}]}},"_links":{"self":[{"href":"https:\/\/franklinlawfirm.ca\/es\/wp-json\/wp\/v2\/pages\/606","targetHints":{"allow":["GET"]}}],"collection":[{"href":"https:\/\/franklinlawfirm.ca\/es\/wp-json\/wp\/v2\/pages"}],"about":[{"href":"https:\/\/franklinlawfirm.ca\/es\/wp-json\/wp\/v2\/types\/page"}],"author":[{"embeddable":true,"href":"https:\/\/franklinlawfirm.ca\/es\/wp-json\/wp\/v2\/users\/1"}],"replies":[{"embeddable":true,"href":"https:\/\/franklinlawfirm.ca\/es\/wp-json\/wp\/v2\/comments?post=606"}],"version-history":[{"count":0,"href":"https:\/\/franklinlawfirm.ca\/es\/wp-json\/wp\/v2\/pages\/606\/revisions"}],"wp:attachment":[{"href":"https:\/\/franklinlawfirm.ca\/es\/wp-json\/wp\/v2\/media?parent=606"}],"curies":[{"name":"wp","href":"https:\/\/api.w.org\/{rel}","templated":true}]}}