{"id":623,"date":"2022-11-02T11:40:04","date_gmt":"2022-11-02T11:40:04","guid":{"rendered":"https:\/\/franklinlawfirm.ca\/practice-areas\/long-term-disability-lawyer\/"},"modified":"2022-11-18T12:13:09","modified_gmt":"2022-11-18T12:13:09","slug":"long-term-disability-lawyer","status":"publish","type":"page","link":"https:\/\/franklinlawfirm.ca\/es\/practice-areas\/long-term-disability-lawyer\/","title":{"rendered":"Toronto Long Term Disability Lawyer"},"content":{"rendered":"<h1>Abogado de discapacidad a largo plazo de Toronto<\/h1>\n<p><em>Con una amplia experiencia en casos de discapacidad a largo plazo, descubra c\u00f3mo el abogado l\u00edder en lesiones personales de Toronto puede ayudarlo a acceder al apoyo financiero que se merece.<\/em><\/p>\n<h2>Seguro de discapacidad a largo plazo: conceptos b\u00e1sicos<\/h2>\n<p>Muchos canadienses reciben un seguro de discapacidad a largo plazo, ya sea a trav\u00e9s de un empleador o comprado de forma privada, para protegerse en caso de un accidente o enfermedad que lo imposibilite para trabajar durante un per\u00edodo de tiempo. Si bien muchos tienen la suerte de no tener que reclamar nunca este seguro, otros pueden verse envueltos en circunstancias imprevistas y recurrir\u00e1n a su compa\u00f1\u00eda de seguros para ayudar a llenar el vac\u00edo financiero mientras no pueden mantenerse por s\u00ed mismos.<\/p>\n<p>En Ontario, el seguro de discapacidad a largo plazo puede cubrir entre el 60 % y el 70 % de la p\u00e9rdida de ingresos, seg\u00fan la aseguradora y el plan de cobertura. Como titular de una p\u00f3liza, es importante tener una comprensi\u00f3n completa de los t\u00e9rminos y condiciones exclusivos de su p\u00f3liza antes de firmar en el resultado final.<\/p>\n<p>Pero, \u00bfqu\u00e9 sucede cuando la compa\u00f1\u00eda de seguros no paga en caso de una enfermedad o lesi\u00f3n leg\u00edtimamente cubierta? Un abogado de discapacidad a largo plazo de Toronto puede ser una herramienta fundamental para ayudarlo a defenderse, asegur\u00e1ndose de que reciba todos los beneficios a los que tiene derecho.<\/p>\n<h2>\u00bfC\u00f3mo puede ayudarlo un abogado de discapacidad a largo plazo de Toronto?<\/h2>\n<p>\u00bfSe le ha negado un reclamo o su compa\u00f1\u00eda de seguros le ha cortado la manutenci\u00f3n? No est\u00e1s solo. Franklin Law Firm tiene una reputaci\u00f3n de larga data como el equipo de apoyo de confianza para aquellos que luchan por navegar el proceso de recuperaci\u00f3n de la compensaci\u00f3n que necesitan para vivir sus vidas con dignidad.<\/p>\n<p>Los abogados de discapacidad a largo plazo en Toronto pueden ayudar a los clientes con una amplia gama de reclamos, que van desde dolor cr\u00f3nico, lesiones en la espalda, migra\u00f1as, dolores de cabeza, artritis y depresi\u00f3n, hasta verse obligado a regresar al trabajo o que se le niegue su reclamo por discapacidad a largo plazo. . Cualquiera que sea el consejo o el apoyo que necesite mientras busca una compensaci\u00f3n, estamos aqu\u00ed para ayudarlo a garantizar que reciba todo lo que se merece.<\/p>\n<p>Al igual que con muchos asuntos relacionados con los seguros, el tiempo es esencial. Si bien los plazos difieren entre las aseguradoras y los planes de cobertura individuales, por lo general, los asegurados tienen una fecha l\u00edmite para presentar un reclamo para acceder a los beneficios por discapacidad a largo plazo; no presentar su reclamo y la prueba de discapacidad o lesi\u00f3n dentro de este per\u00edodo puede aumentar su riesgo de que se le niegue el reclamo. Un profesional legal puede ser un recurso valioso no solo para ayudarlo a presentar su reclamo, sino que tambi\u00e9n puede intervenir r\u00e1pidamente para presentarle sus opciones legales en caso de que se rechace el reclamo. Esto puede incluir el inicio de una demanda contra su compa\u00f1\u00eda de seguros.<\/p>\n<p>En Franklin Law Firm, nuestro equipo y el abogado confiable de discapacidad a largo plazo de Toronto est\u00e1n dedicados a guiarlo de la mano en cada paso del proceso de reclamos, ayud\u00e1ndolo a navegar por el lenguaje de los seguros y luchar por lo que tiene derecho. Nuestra prioridad es utilizar estrategias comprobadas y efectivas para brindarle la atenci\u00f3n y la compensaci\u00f3n justa que se merece, para que usted y su familia puedan volver a concentrarse en lo que m\u00e1s importa.<\/p>\n<h3>Un equipo dedicado y resultados garantizados<\/h3>\n<p>Para demostrar su compromiso con su \u00e9xito como cliente, no cobramos ninguna tarifa por adelantado. <strong>Esto significa que\u00a0los honorarios legales solo se pagar\u00e1n una vez que su caso se haya resuelto con \u00e9xito.<\/strong> Nos enorgullecemos de nuestra alta tasa de \u00e9xito, con la gran mayor\u00eda de las reclamaciones por discapacidad a largo plazo resueltas fuera de los tribunales, sin necesidad de un juicio.<\/p>\n<h2>Descubra la diferencia del bufete de abogados Franklin<\/h2>\n<p>Ya sea que a usted o a un ser querido se le haya negado un reclamo por discapacidad o no est\u00e9n recibiendo el alcance adecuado de los beneficios necesarios para recuperarse o mantenerse, no se demore en comunicarse con el equipo de Franklin Law Firm hoy. Nuestro abogado de discapacidad a largo plazo de Toronto tiene una amplia experiencia, conocimientos profundos y una amplia red de recursos para ayudarlo a negociar con confianza con su compa\u00f1\u00eda de seguros y <strong>recuperar la compensaci\u00f3n que merece.<\/strong><\/p>\n<p>Cont\u00e1ctenos para programar su consulta inicial y dar el primer paso para presentar su reclamo.<\/p>\n<p>&nbsp;<\/p>\n","protected":false},"excerpt":{"rendered":"<p>Abogado de discapacidad a largo plazo de Toronto Con una amplia experiencia en casos de discapacidad a largo plazo, descubra c\u00f3mo el abogado l\u00edder en lesiones personales de Toronto puede ayudarlo a acceder al apoyo financiero que se merece. Seguro de discapacidad a largo plazo: conceptos b\u00e1sicos Muchos canadienses reciben&#8230;<\/p>\n","protected":false},"author":1,"featured_media":0,"parent":618,"menu_order":0,"comment_status":"closed","ping_status":"closed","template":"templates\/services-pages.php","meta":{"_acf_changed":false,"footnotes":""},"class_list":["post-623","page","type-page","status-publish","hentry"],"acf":[],"yoast_head":"<!-- This site is optimized with the Yoast SEO plugin v27.1.1 - https:\/\/yoast.com\/product\/yoast-seo-wordpress\/ -->\n<title>Long Term Disability Lawyer Toronto | Franklin Law Firm<\/title>\n<meta name=\"description\" content=\"Led by a trusted Toronto Long Term Disability Lawyer, Franklin Law Firm will get you the compensation you deserve. Call for a free consultation with our team today.\" \/>\n<meta name=\"robots\" content=\"index, follow, max-snippet:-1, max-image-preview:large, max-video-preview:-1\" \/>\n<link rel=\"canonical\" href=\"https:\/\/franklinlawfirm.ca\/es\/practice-areas\/long-term-disability-lawyer\/\" \/>\n<meta property=\"og:locale\" content=\"es_ES\" \/>\n<meta property=\"og:type\" content=\"article\" \/>\n<meta property=\"og:title\" content=\"Long Term Disability Lawyer Toronto | Franklin Law Firm\" \/>\n<meta property=\"og:description\" content=\"Led by a trusted Toronto Long Term Disability Lawyer, Franklin Law Firm will get you the compensation you deserve. Call for a free consultation with our team today.\" \/>\n<meta property=\"og:url\" content=\"https:\/\/franklinlawfirm.ca\/es\/practice-areas\/long-term-disability-lawyer\/\" \/>\n<meta property=\"og:site_name\" content=\"Franklin Law Firm\" \/>\n<meta property=\"article:modified_time\" content=\"2022-11-18T12:13:09+00:00\" \/>\n<meta name=\"twitter:card\" content=\"summary_large_image\" \/>\n<meta name=\"twitter:label1\" content=\"Tiempo de lectura\" \/>\n\t<meta name=\"twitter:data1\" content=\"4 minutos\" \/>\n<script type=\"application\/ld+json\" class=\"yoast-schema-graph\">{\"@context\":\"https:\/\/schema.org\",\"@graph\":[{\"@type\":\"WebPage\",\"@id\":\"https:\/\/franklinlawfirm.ca\/es\/practice-areas\/long-term-disability-lawyer\/\",\"url\":\"https:\/\/franklinlawfirm.ca\/es\/practice-areas\/long-term-disability-lawyer\/\",\"name\":\"Long Term Disability Lawyer Toronto | Franklin Law Firm\",\"isPartOf\":{\"@id\":\"https:\/\/franklinlawfirm.ca\/#website\"},\"datePublished\":\"2022-11-02T11:40:04+00:00\",\"dateModified\":\"2022-11-18T12:13:09+00:00\",\"description\":\"Led by a trusted Toronto Long Term Disability Lawyer, Franklin Law Firm will get you the compensation you deserve. Call for a free consultation with our team today.\",\"breadcrumb\":{\"@id\":\"https:\/\/franklinlawfirm.ca\/es\/practice-areas\/long-term-disability-lawyer\/#breadcrumb\"},\"inLanguage\":\"es\",\"potentialAction\":[{\"@type\":\"ReadAction\",\"target\":[\"https:\/\/franklinlawfirm.ca\/es\/practice-areas\/long-term-disability-lawyer\/\"]}]},{\"@type\":\"BreadcrumbList\",\"@id\":\"https:\/\/franklinlawfirm.ca\/es\/practice-areas\/long-term-disability-lawyer\/#breadcrumb\",\"itemListElement\":[{\"@type\":\"ListItem\",\"position\":1,\"name\":\"Home\",\"item\":\"https:\/\/franklinlawfirm.ca\/es\/\"},{\"@type\":\"ListItem\",\"position\":2,\"name\":\"Practice Areas\",\"item\":\"https:\/\/franklinlawfirm.ca\/es\/practice-areas\/\"},{\"@type\":\"ListItem\",\"position\":3,\"name\":\"Toronto Long Term Disability Lawyer\"}]},{\"@type\":\"WebSite\",\"@id\":\"https:\/\/franklinlawfirm.ca\/#website\",\"url\":\"https:\/\/franklinlawfirm.ca\/\",\"name\":\"Franklin Law Firm\",\"description\":\"\",\"potentialAction\":[{\"@type\":\"SearchAction\",\"target\":{\"@type\":\"EntryPoint\",\"urlTemplate\":\"https:\/\/franklinlawfirm.ca\/?s={search_term_string}\"},\"query-input\":{\"@type\":\"PropertyValueSpecification\",\"valueRequired\":true,\"valueName\":\"search_term_string\"}}],\"inLanguage\":\"es\"}]}<\/script>\n<!-- \/ Yoast SEO plugin. -->","yoast_head_json":{"title":"Long Term Disability Lawyer Toronto | Franklin Law Firm","description":"Led by a trusted Toronto Long Term Disability Lawyer, Franklin Law Firm will get you the compensation you deserve. Call for a free consultation with our team today.","robots":{"index":"index","follow":"follow","max-snippet":"max-snippet:-1","max-image-preview":"max-image-preview:large","max-video-preview":"max-video-preview:-1"},"canonical":"https:\/\/franklinlawfirm.ca\/es\/practice-areas\/long-term-disability-lawyer\/","og_locale":"es_ES","og_type":"article","og_title":"Long Term Disability Lawyer Toronto | Franklin Law Firm","og_description":"Led by a trusted Toronto Long Term Disability Lawyer, Franklin Law Firm will get you the compensation you deserve. Call for a free consultation with our team today.","og_url":"https:\/\/franklinlawfirm.ca\/es\/practice-areas\/long-term-disability-lawyer\/","og_site_name":"Franklin Law Firm","article_modified_time":"2022-11-18T12:13:09+00:00","twitter_card":"summary_large_image","twitter_misc":{"Tiempo de lectura":"4 minutos"},"schema":{"@context":"https:\/\/schema.org","@graph":[{"@type":"WebPage","@id":"https:\/\/franklinlawfirm.ca\/es\/practice-areas\/long-term-disability-lawyer\/","url":"https:\/\/franklinlawfirm.ca\/es\/practice-areas\/long-term-disability-lawyer\/","name":"Long Term Disability Lawyer Toronto | Franklin Law Firm","isPartOf":{"@id":"https:\/\/franklinlawfirm.ca\/#website"},"datePublished":"2022-11-02T11:40:04+00:00","dateModified":"2022-11-18T12:13:09+00:00","description":"Led by a trusted Toronto Long Term Disability Lawyer, Franklin Law Firm will get you the compensation you deserve. Call for a free consultation with our team today.","breadcrumb":{"@id":"https:\/\/franklinlawfirm.ca\/es\/practice-areas\/long-term-disability-lawyer\/#breadcrumb"},"inLanguage":"es","potentialAction":[{"@type":"ReadAction","target":["https:\/\/franklinlawfirm.ca\/es\/practice-areas\/long-term-disability-lawyer\/"]}]},{"@type":"BreadcrumbList","@id":"https:\/\/franklinlawfirm.ca\/es\/practice-areas\/long-term-disability-lawyer\/#breadcrumb","itemListElement":[{"@type":"ListItem","position":1,"name":"Home","item":"https:\/\/franklinlawfirm.ca\/es\/"},{"@type":"ListItem","position":2,"name":"Practice Areas","item":"https:\/\/franklinlawfirm.ca\/es\/practice-areas\/"},{"@type":"ListItem","position":3,"name":"Toronto Long Term Disability Lawyer"}]},{"@type":"WebSite","@id":"https:\/\/franklinlawfirm.ca\/#website","url":"https:\/\/franklinlawfirm.ca\/","name":"Franklin Law Firm","description":"","potentialAction":[{"@type":"SearchAction","target":{"@type":"EntryPoint","urlTemplate":"https:\/\/franklinlawfirm.ca\/?s={search_term_string}"},"query-input":{"@type":"PropertyValueSpecification","valueRequired":true,"valueName":"search_term_string"}}],"inLanguage":"es"}]}},"_links":{"self":[{"href":"https:\/\/franklinlawfirm.ca\/es\/wp-json\/wp\/v2\/pages\/623","targetHints":{"allow":["GET"]}}],"collection":[{"href":"https:\/\/franklinlawfirm.ca\/es\/wp-json\/wp\/v2\/pages"}],"about":[{"href":"https:\/\/franklinlawfirm.ca\/es\/wp-json\/wp\/v2\/types\/page"}],"author":[{"embeddable":true,"href":"https:\/\/franklinlawfirm.ca\/es\/wp-json\/wp\/v2\/users\/1"}],"replies":[{"embeddable":true,"href":"https:\/\/franklinlawfirm.ca\/es\/wp-json\/wp\/v2\/comments?post=623"}],"version-history":[{"count":0,"href":"https:\/\/franklinlawfirm.ca\/es\/wp-json\/wp\/v2\/pages\/623\/revisions"}],"up":[{"embeddable":true,"href":"https:\/\/franklinlawfirm.ca\/es\/wp-json\/wp\/v2\/pages\/618"}],"wp:attachment":[{"href":"https:\/\/franklinlawfirm.ca\/es\/wp-json\/wp\/v2\/media?parent=623"}],"curies":[{"name":"wp","href":"https:\/\/api.w.org\/{rel}","templated":true}]}}