{"id":632,"date":"2022-11-02T11:38:16","date_gmt":"2022-11-02T11:38:16","guid":{"rendered":"https:\/\/franklinlawfirm.ca\/car-accident-lawyer-toronto\/"},"modified":"2022-11-29T08:08:13","modified_gmt":"2022-11-29T08:08:13","slug":"car-accident-lawyer-toronto","status":"publish","type":"page","link":"https:\/\/franklinlawfirm.ca\/es\/practice-areas\/car-accident-lawyer-toronto\/","title":{"rendered":"Toronto\u2019s Trusted Car Accident Lawyer"},"content":{"rendered":"<h1>Abogado de accidentes automovil\u00edsticos de confianza de Toronto<\/h1>\n<p><em>Dirigido por un abogado l\u00edder en lesiones personales en el \u00e1rea metropolitana de Toronto, el bufete de abogados Franklin tiene una amplia experiencia en obtener la compensaci\u00f3n <strong>que merece<\/strong> como v\u00edctima de un accidente automovil\u00edstico.<\/em><\/p>\n<p>Un accidente automovil\u00edstico puede ser una situaci\u00f3n traum\u00e1tica y extremadamente estresante para navegar, particularmente si el accidente ha resultado en lesiones que alteran la vida o muertes. Esto puede afectar dr\u00e1sticamente su sustento, calidad de vida y familia. Si el incidente fue causado por el comportamiento imprudente o negligente de otro conductor, puede considerar emprender acciones legales para obtener la remuneraci\u00f3n econ\u00f3mica que se merece.<\/p>\n<p>Si usted o alguien que conoce es v\u00edctima de un accidente automovil\u00edstico y est\u00e1 buscando un abogado de accidentes automovil\u00edsticos de confianza en Toronto, Franklin Law Firm est\u00e1 listo para ayudarlo. Respaldados por m\u00e1s de 30 a\u00f1os de experiencia especializada en lesiones personales y leyes de accidentes automovil\u00edsticos, podemos asegurar que tendr\u00e1 acceso al apoyo y al conocimiento experto que necesita para sentirse seguro y en control durante todo su caso. Nuestro abogado y asistentes legales se complacen en trabajar con una amplia gama de clientes, sirviendo a aquellos con capacidades ling\u00fc\u00edsticas en ingl\u00e9s, tamil y espa\u00f1ol.<\/p>\n<h2>\u00bfTuviste un accidente automovil\u00edstico? Esto es lo que necesita saber.<\/h2>\n<p>Si ha resultado lesionado en un accidente automovil\u00edstico, el tiempo es esencial. Como v\u00edctima, es fundamental que el personal de emergencia en la escena lo eval\u00fae minuciosamente para detectar cualquier problema m\u00e9dico resultante. Los s\u00edntomas de algunas lesiones pueden aparecer horas o d\u00edas despu\u00e9s del incidente en s\u00ed. Controle su propia condici\u00f3n cuidadosamente, asegur\u00e1ndose de documentar e informar cualquier cambio o inquietud a su m\u00e9dico.<\/p>\n<p>Recopile la mayor cantidad de informaci\u00f3n posible relacionada con su accidente, incluidos los n\u00fameros de placa y la informaci\u00f3n de contacto de todas las partes involucradas, as\u00ed como la informaci\u00f3n de contacto de los testigos del incidente. Estos detalles, as\u00ed como cualquier fotograf\u00eda del incidente, resultar\u00e1n de gran valor para ayudar a explicar c\u00f3mo ocurri\u00f3 el accidente automovil\u00edstico y por qu\u00e9 la otra parte tuvo la culpa.<\/p>\n<p>Si bien muchos se apresuran a pasar por el proceso de obtener beneficios a trav\u00e9s de su p\u00f3liza de seguro, recomendamos que los clientes tambi\u00e9n busquen asesoramiento legal lo antes posible; un abogado de lesiones personales que se especialice en la ley de accidentes automovil\u00edsticos podr\u00e1 evaluar con precisi\u00f3n la situaci\u00f3n e identificar cualquier ramificaci\u00f3n legal en funci\u00f3n de qui\u00e9n se considere responsable. De acuerdo con la ley de Ontario, las v\u00edctimas solo tienen 120 d\u00edas para notificar al conductor culpable de su intenci\u00f3n de demandar, por lo que presentar un reclamo de manera oportuna es lo mejor para usted.<\/p>\n<h2>\u00bfC\u00f3mo puede ayudar un abogado de accidentes automovil\u00edsticos de Toronto?<\/h2>\n<p>El proceso de buscar compensaci\u00f3n despu\u00e9s de un accidente automovil\u00edstico puede ser complejo y abrumador. Un abogado experto en accidentes automovil\u00edsticos lo guiar\u00e1 a trav\u00e9s del proceso, brind\u00e1ndole la informaci\u00f3n que necesita para obtener el tratamiento, la atenci\u00f3n y la remuneraci\u00f3n que merece de su compa\u00f1\u00eda de seguros y cualquier otra parte responsable.<\/p>\n<h2>C\u00f3mo el bufete de abogados Franklin puede apoyarlo<\/h2>\n<p>En Franklin Law Firm, nuestro equipo y el abogado interno de accidentes automovil\u00edsticos de Toronto est\u00e1n dedicados a guiarlo de la mano en cada paso del camino, luchando por lo que tiene derecho, ya sea que su disputa sea contra una compa\u00f1\u00eda de seguros, o un caso civil contra otra parte responsable. Nuestra prioridad es brindarle la atenci\u00f3n y la compensaci\u00f3n justa que se merece a trav\u00e9s de estrategias comprobadas y efectivas, para que pueda volver a concentrarse en lo que m\u00e1s le importa.<\/p>\n<p>Para demostrar nuestro compromiso con su \u00e9xito como cliente, no le cobraremos por adelantado. Esto significa que los honorarios <strong>legales solo se pagar\u00e1n una vez que su caso se haya resuelto con \u00e9xito.<\/strong> Nos enorgullecemos de nuestra alta tasa de \u00e9xito, con la gran mayor\u00eda de los casos legales de accidentes automovil\u00edsticos en Toronto resueltos fuera de los tribunales, sin juicio ni arbitraje.<\/p>\n<h3>Cont\u00e1ctenos hoy para obtener la compensaci\u00f3n que merece<\/h3>\n<p>Si usted o alguien que conoce ha estado involucrado en una colisi\u00f3n de veh\u00edculos motorizados, comun\u00edquese con el bufete de abogados Franklin para hablar con nuestro abogado de accidentes automovil\u00edsticos de Toronto hoy. Descubra c\u00f3mo podemos hacer que el proceso de recibir la remuneraci\u00f3n que se merece sea lo m\u00e1s sencillo posible.<\/p>\n<p>Cont\u00e1ctenos para programar su consulta inicial y dar el primer paso para presentar su reclamo.<\/p>\n<p>&nbsp;<\/p>\n","protected":false},"excerpt":{"rendered":"<p>Abogado de accidentes automovil\u00edsticos de confianza de Toronto Dirigido por un abogado l\u00edder en lesiones personales en el \u00e1rea metropolitana de Toronto, el bufete de abogados Franklin tiene una amplia experiencia en obtener la compensaci\u00f3n que merece como v\u00edctima de un accidente automovil\u00edstico. Un accidente automovil\u00edstico puede ser una situaci\u00f3n&#8230;<\/p>\n","protected":false},"author":1,"featured_media":0,"parent":618,"menu_order":0,"comment_status":"closed","ping_status":"closed","template":"templates\/services-pages.php","meta":{"_acf_changed":false,"footnotes":""},"class_list":["post-632","page","type-page","status-publish","hentry"],"acf":[],"yoast_head":"<!-- This site is optimized with the Yoast SEO plugin v27.1.1 - https:\/\/yoast.com\/product\/yoast-seo-wordpress\/ -->\n<title>Car Accident Lawyer Toronto | Franklin Law Firm<\/title>\n<meta name=\"description\" content=\"Looking for a Car Accident Lawyer in Toronto to help you navigate a personal injury case? Franklin Law Firm will help you get the compensation you deserve. Call for a free consultation.\" \/>\n<meta name=\"robots\" content=\"index, follow, max-snippet:-1, max-image-preview:large, max-video-preview:-1\" \/>\n<link rel=\"canonical\" href=\"https:\/\/franklinlawfirm.ca\/es\/practice-areas\/car-accident-lawyer-toronto\/\" \/>\n<meta property=\"og:locale\" content=\"es_ES\" \/>\n<meta property=\"og:type\" content=\"article\" \/>\n<meta property=\"og:title\" content=\"Car Accident Lawyer Toronto | Franklin Law Firm\" \/>\n<meta property=\"og:description\" content=\"Looking for a Car Accident Lawyer in Toronto to help you navigate a personal injury case? Franklin Law Firm will help you get the compensation you deserve. Call for a free consultation.\" \/>\n<meta property=\"og:url\" content=\"https:\/\/franklinlawfirm.ca\/es\/practice-areas\/car-accident-lawyer-toronto\/\" \/>\n<meta property=\"og:site_name\" content=\"Franklin Law Firm\" \/>\n<meta property=\"article:modified_time\" content=\"2022-11-29T08:08:13+00:00\" \/>\n<meta name=\"twitter:card\" content=\"summary_large_image\" \/>\n<meta name=\"twitter:label1\" content=\"Tiempo de lectura\" \/>\n\t<meta name=\"twitter:data1\" content=\"4 minutos\" \/>\n<script type=\"application\/ld+json\" class=\"yoast-schema-graph\">{\"@context\":\"https:\/\/schema.org\",\"@graph\":[{\"@type\":\"WebPage\",\"@id\":\"https:\/\/franklinlawfirm.ca\/es\/practice-areas\/car-accident-lawyer-toronto\/\",\"url\":\"https:\/\/franklinlawfirm.ca\/es\/practice-areas\/car-accident-lawyer-toronto\/\",\"name\":\"Car Accident Lawyer Toronto | Franklin Law Firm\",\"isPartOf\":{\"@id\":\"https:\/\/franklinlawfirm.ca\/#website\"},\"datePublished\":\"2022-11-02T11:38:16+00:00\",\"dateModified\":\"2022-11-29T08:08:13+00:00\",\"description\":\"Looking for a Car Accident Lawyer in Toronto to help you navigate a personal injury case? Franklin Law Firm will help you get the compensation you deserve. Call for a free consultation.\",\"breadcrumb\":{\"@id\":\"https:\/\/franklinlawfirm.ca\/es\/practice-areas\/car-accident-lawyer-toronto\/#breadcrumb\"},\"inLanguage\":\"es\",\"potentialAction\":[{\"@type\":\"ReadAction\",\"target\":[\"https:\/\/franklinlawfirm.ca\/es\/practice-areas\/car-accident-lawyer-toronto\/\"]}]},{\"@type\":\"BreadcrumbList\",\"@id\":\"https:\/\/franklinlawfirm.ca\/es\/practice-areas\/car-accident-lawyer-toronto\/#breadcrumb\",\"itemListElement\":[{\"@type\":\"ListItem\",\"position\":1,\"name\":\"Home\",\"item\":\"https:\/\/franklinlawfirm.ca\/es\/\"},{\"@type\":\"ListItem\",\"position\":2,\"name\":\"Practice Areas\",\"item\":\"https:\/\/franklinlawfirm.ca\/es\/practice-areas\/\"},{\"@type\":\"ListItem\",\"position\":3,\"name\":\"Toronto\u2019s Trusted Car Accident Lawyer\"}]},{\"@type\":\"WebSite\",\"@id\":\"https:\/\/franklinlawfirm.ca\/#website\",\"url\":\"https:\/\/franklinlawfirm.ca\/\",\"name\":\"Franklin Law Firm\",\"description\":\"\",\"potentialAction\":[{\"@type\":\"SearchAction\",\"target\":{\"@type\":\"EntryPoint\",\"urlTemplate\":\"https:\/\/franklinlawfirm.ca\/?s={search_term_string}\"},\"query-input\":{\"@type\":\"PropertyValueSpecification\",\"valueRequired\":true,\"valueName\":\"search_term_string\"}}],\"inLanguage\":\"es\"}]}<\/script>\n<!-- \/ Yoast SEO plugin. -->","yoast_head_json":{"title":"Car Accident Lawyer Toronto | Franklin Law Firm","description":"Looking for a Car Accident Lawyer in Toronto to help you navigate a personal injury case? Franklin Law Firm will help you get the compensation you deserve. Call for a free consultation.","robots":{"index":"index","follow":"follow","max-snippet":"max-snippet:-1","max-image-preview":"max-image-preview:large","max-video-preview":"max-video-preview:-1"},"canonical":"https:\/\/franklinlawfirm.ca\/es\/practice-areas\/car-accident-lawyer-toronto\/","og_locale":"es_ES","og_type":"article","og_title":"Car Accident Lawyer Toronto | Franklin Law Firm","og_description":"Looking for a Car Accident Lawyer in Toronto to help you navigate a personal injury case? Franklin Law Firm will help you get the compensation you deserve. Call for a free consultation.","og_url":"https:\/\/franklinlawfirm.ca\/es\/practice-areas\/car-accident-lawyer-toronto\/","og_site_name":"Franklin Law Firm","article_modified_time":"2022-11-29T08:08:13+00:00","twitter_card":"summary_large_image","twitter_misc":{"Tiempo de lectura":"4 minutos"},"schema":{"@context":"https:\/\/schema.org","@graph":[{"@type":"WebPage","@id":"https:\/\/franklinlawfirm.ca\/es\/practice-areas\/car-accident-lawyer-toronto\/","url":"https:\/\/franklinlawfirm.ca\/es\/practice-areas\/car-accident-lawyer-toronto\/","name":"Car Accident Lawyer Toronto | Franklin Law Firm","isPartOf":{"@id":"https:\/\/franklinlawfirm.ca\/#website"},"datePublished":"2022-11-02T11:38:16+00:00","dateModified":"2022-11-29T08:08:13+00:00","description":"Looking for a Car Accident Lawyer in Toronto to help you navigate a personal injury case? Franklin Law Firm will help you get the compensation you deserve. Call for a free consultation.","breadcrumb":{"@id":"https:\/\/franklinlawfirm.ca\/es\/practice-areas\/car-accident-lawyer-toronto\/#breadcrumb"},"inLanguage":"es","potentialAction":[{"@type":"ReadAction","target":["https:\/\/franklinlawfirm.ca\/es\/practice-areas\/car-accident-lawyer-toronto\/"]}]},{"@type":"BreadcrumbList","@id":"https:\/\/franklinlawfirm.ca\/es\/practice-areas\/car-accident-lawyer-toronto\/#breadcrumb","itemListElement":[{"@type":"ListItem","position":1,"name":"Home","item":"https:\/\/franklinlawfirm.ca\/es\/"},{"@type":"ListItem","position":2,"name":"Practice Areas","item":"https:\/\/franklinlawfirm.ca\/es\/practice-areas\/"},{"@type":"ListItem","position":3,"name":"Toronto\u2019s Trusted Car Accident Lawyer"}]},{"@type":"WebSite","@id":"https:\/\/franklinlawfirm.ca\/#website","url":"https:\/\/franklinlawfirm.ca\/","name":"Franklin Law Firm","description":"","potentialAction":[{"@type":"SearchAction","target":{"@type":"EntryPoint","urlTemplate":"https:\/\/franklinlawfirm.ca\/?s={search_term_string}"},"query-input":{"@type":"PropertyValueSpecification","valueRequired":true,"valueName":"search_term_string"}}],"inLanguage":"es"}]}},"_links":{"self":[{"href":"https:\/\/franklinlawfirm.ca\/es\/wp-json\/wp\/v2\/pages\/632","targetHints":{"allow":["GET"]}}],"collection":[{"href":"https:\/\/franklinlawfirm.ca\/es\/wp-json\/wp\/v2\/pages"}],"about":[{"href":"https:\/\/franklinlawfirm.ca\/es\/wp-json\/wp\/v2\/types\/page"}],"author":[{"embeddable":true,"href":"https:\/\/franklinlawfirm.ca\/es\/wp-json\/wp\/v2\/users\/1"}],"replies":[{"embeddable":true,"href":"https:\/\/franklinlawfirm.ca\/es\/wp-json\/wp\/v2\/comments?post=632"}],"version-history":[{"count":0,"href":"https:\/\/franklinlawfirm.ca\/es\/wp-json\/wp\/v2\/pages\/632\/revisions"}],"up":[{"embeddable":true,"href":"https:\/\/franklinlawfirm.ca\/es\/wp-json\/wp\/v2\/pages\/618"}],"wp:attachment":[{"href":"https:\/\/franklinlawfirm.ca\/es\/wp-json\/wp\/v2\/media?parent=632"}],"curies":[{"name":"wp","href":"https:\/\/api.w.org\/{rel}","templated":true}]}}